{"id":160,"date":"2021-06-17T15:22:19","date_gmt":"2021-06-17T15:22:19","guid":{"rendered":"https:\/\/stonesphilosophy.com\/?post_type=product&#038;p=160"},"modified":"2021-06-22T14:14:37","modified_gmt":"2021-06-22T14:14:37","slug":"lot-de-6-colliers","status":"publish","type":"product","link":"https:\/\/stonesphilosophy.com\/en\/product\/lot-de-6-colliers","title":{"rendered":"Lot de 6 colliers"},"content":{"rendered":"<p>Lot de 6 colliers fait main, avec des perles en pierres naturelles. Il peut \u00eatre port\u00e9 autour du cou ou en quatre tours poignet.<br \/>\nLes perles de ce bijoux sont r\u00e9alis\u00e9es \u00e0 partir de pierres naturelles ayant chacune\u00a0<a href=\"https:\/\/stonesphilosophy.com\/en\/lithotherapie\/\">ses vertus<\/a>\u00a0sur le corps et l\u2019esprit.<\/p>\n<p><strong>Un lot contient :<\/strong><\/p>\n<p>1x Byron Bay<br \/>\n1x Chambre d&rsquo;Amour<br \/>\n1x Crystal Pier<br \/>\n1x Rincon<br \/>\n1x Teahupoo<br \/>\n1x Uluwatu<\/p>\n<p>Prix du lot 240\u20ac HT soit 40\u20ac HT le collier<\/p>\n<p>Longueur du collier ferm\u00e9 : 37cm<\/p>\n<p>Tous nos colliers sont des cr\u00e9ation originales, r\u00e9alis\u00e9e \u00e0 la main et compos\u00e9s de pierre naturelles.<br \/>\nD\u00e9couvrez les vertus de chacune des pierres dans\u00a0<a href=\"https:\/\/stonesphilosophy.com\/en\/lithotherapie\/\">notre guide sur la lithoth\u00e9rapie<\/a>.<\/p>\n<p>&nbsp;<\/p>\n<p><em><img decoding=\"async\" class=\"emoji aligncenter\" role=\"img\" draggable=\"false\" src=\"https:\/\/s.w.org\/images\/core\/emoji\/13.0.1\/svg\/1f3c4.svg\" alt=\"\ud83c\udfc4\" \/>\u00a0 Les noms de nos bijoux sont inspir\u00e9s des plus beaux spots de surf de la plan\u00e8te.\u00a0<\/em><img decoding=\"async\" class=\"emoji aligncenter\" role=\"img\" draggable=\"false\" src=\"https:\/\/s.w.org\/images\/core\/emoji\/13.0.1\/svg\/1f3c4.svg\" alt=\"\ud83c\udfc4\" \/><\/p>","protected":false},"excerpt":{"rendered":"<p>Lot de 6 colliers fait main, avec des perles en pierres naturelles. Il peut \u00eatre port\u00e9 autour du cou ou en quatre tours poignet.<br \/>\nLes perles de ce bijoux sont r\u00e9alis\u00e9es \u00e0 partir de pierres naturelles ayant chacune\u00a0<a href=\"https:\/\/stonesphilosophy.com\/en\/lithotherapie\/\">ses vertus<\/a>\u00a0sur le corps et l\u2019esprit.<\/p>\n<p><strong>Un lot contient :<\/strong><\/p>\n<p>1x Byron Bay<br \/>\n1x Chambre d&rsquo;Amour<br \/>\n1x Crystal Pier<br \/>\n1x Rincon<br \/>\n1x Teahupoo<br \/>\n1x Uluwatu<\/p>","protected":false},"featured_media":426,"template":"","meta":{"_et_pb_use_builder":"","_et_pb_old_content":"","_et_gb_content_width":""},"product_brand":[],"product_cat":[17],"product_tag":[],"class_list":{"0":"post-160","1":"product","2":"type-product","3":"status-publish","4":"has-post-thumbnail","6":"product_cat-collier-en-pierres-naturelles","8":"first","9":"instock","10":"taxable","11":"shipping-taxable","12":"purchasable","13":"product-type-simple"},"jetpack_sharing_enabled":true,"_links":{"self":[{"href":"https:\/\/stonesphilosophy.com\/en\/wp-json\/wp\/v2\/product\/160","targetHints":{"allow":["GET"]}}],"collection":[{"href":"https:\/\/stonesphilosophy.com\/en\/wp-json\/wp\/v2\/product"}],"about":[{"href":"https:\/\/stonesphilosophy.com\/en\/wp-json\/wp\/v2\/types\/product"}],"wp:featuredmedia":[{"embeddable":true,"href":"https:\/\/stonesphilosophy.com\/en\/wp-json\/wp\/v2\/media\/426"}],"wp:attachment":[{"href":"https:\/\/stonesphilosophy.com\/en\/wp-json\/wp\/v2\/media?parent=160"}],"wp:term":[{"taxonomy":"product_brand","embeddable":true,"href":"https:\/\/stonesphilosophy.com\/en\/wp-json\/wp\/v2\/product_brand?post=160"},{"taxonomy":"product_cat","embeddable":true,"href":"https:\/\/stonesphilosophy.com\/en\/wp-json\/wp\/v2\/product_cat?post=160"},{"taxonomy":"product_tag","embeddable":true,"href":"https:\/\/stonesphilosophy.com\/en\/wp-json\/wp\/v2\/product_tag?post=160"}],"curies":[{"name":"wp","href":"https:\/\/api.w.org\/{rel}","templated":true}]}}