{"id":157,"date":"2021-06-17T14:57:02","date_gmt":"2021-06-17T14:57:02","guid":{"rendered":"https:\/\/stonesphilosophy.com\/?post_type=product&#038;p=157"},"modified":"2021-06-22T15:20:54","modified_gmt":"2021-06-22T15:20:54","slug":"uluwatu","status":"publish","type":"product","link":"https:\/\/stonesphilosophy.com\/en\/product\/uluwatu","title":{"rendered":"Uluwatu"},"content":{"rendered":"<p>Collier fait main, avec des perles en pierres naturelles. Il peut \u00eatre port\u00e9 autour du cou ou en quatre tours poignet.<br \/>\nLes perles de ce bijoux sont r\u00e9alis\u00e9es \u00e0 partir de pierres naturelles ayant chacune <a href=\"https:\/\/stonesphilosophy.com\/en\/lithotherapie\/\">ses vertus<\/a> sur le corps et l&rsquo;esprit.<\/p>\n<p>Longueur du collier ferm\u00e9 : 37cm<\/p>\n<p>Tous nos colliers sont des cr\u00e9ation originales, r\u00e9alis\u00e9e \u00e0 la main et compos\u00e9s de pierre naturelles. Voici celle qui composent notre mod\u00e8le Uluwatu :<\/p>\n<ul>\n<li><strong>Coquillages naturelles<\/strong><\/li>\n<li><strong>Corail :<\/strong> accompagne l&rsquo;enfance et soulage les douleurs de l&rsquo;\u00e2ge.<\/li>\n<li><strong>H\u00e9matite :<\/strong> pierre de l&rsquo;introspection.<\/li>\n<li><strong>Turquoise :<\/strong>\u00a0bouclier contre les coups dur de la vie<\/li>\n<\/ul>\n<p>D\u00e9couvrez les vertus de chacune des pierres dans <a href=\"https:\/\/stonesphilosophy.com\/en\/lithotherapie\/\">notre guide sur la lithoth\u00e9rapie<\/a>.<\/p>\n<p>&nbsp;<\/p>\n<p style=\"text-align: center;\"><em>\ud83c\udfc4\u00a0 Les noms de nos bijoux sont inspir\u00e9s des plus beaux spots de surf de la plan\u00e8te <\/em>\ud83c\udfc4<\/p>\n<p style=\"text-align: center;\"><em>\u00a0<\/em><\/p>","protected":false},"excerpt":{"rendered":"<p>Collier fait main, avec des perles en pierres naturelles. Il peut \u00eatre port\u00e9 autour du cou ou en quatre tours poignet.<br \/>\nLes perles de ce bijoux sont r\u00e9alis\u00e9es \u00e0 partir de pierres naturelles ayant chacune <a href=\"https:\/\/stonesphilosophy.com\/en\/lithotherapie\/\">ses vertus<\/a> sur le corps et l&rsquo;esprit.<\/p>","protected":false},"featured_media":190,"template":"","meta":{"_et_pb_use_builder":"","_et_pb_old_content":"","_et_gb_content_width":""},"product_brand":[],"product_cat":[17],"product_tag":[],"class_list":{"0":"post-157","1":"product","2":"type-product","3":"status-publish","4":"has-post-thumbnail","6":"product_cat-collier-en-pierres-naturelles","7":"product_shipping_class-livraison-offerte","9":"first","10":"instock","11":"taxable","12":"shipping-taxable","13":"purchasable","14":"product-type-simple"},"jetpack_sharing_enabled":true,"_links":{"self":[{"href":"https:\/\/stonesphilosophy.com\/en\/wp-json\/wp\/v2\/product\/157","targetHints":{"allow":["GET"]}}],"collection":[{"href":"https:\/\/stonesphilosophy.com\/en\/wp-json\/wp\/v2\/product"}],"about":[{"href":"https:\/\/stonesphilosophy.com\/en\/wp-json\/wp\/v2\/types\/product"}],"wp:featuredmedia":[{"embeddable":true,"href":"https:\/\/stonesphilosophy.com\/en\/wp-json\/wp\/v2\/media\/190"}],"wp:attachment":[{"href":"https:\/\/stonesphilosophy.com\/en\/wp-json\/wp\/v2\/media?parent=157"}],"wp:term":[{"taxonomy":"product_brand","embeddable":true,"href":"https:\/\/stonesphilosophy.com\/en\/wp-json\/wp\/v2\/product_brand?post=157"},{"taxonomy":"product_cat","embeddable":true,"href":"https:\/\/stonesphilosophy.com\/en\/wp-json\/wp\/v2\/product_cat?post=157"},{"taxonomy":"product_tag","embeddable":true,"href":"https:\/\/stonesphilosophy.com\/en\/wp-json\/wp\/v2\/product_tag?post=157"}],"curies":[{"name":"wp","href":"https:\/\/api.w.org\/{rel}","templated":true}]}}