{"id":155,"date":"2021-06-17T14:37:00","date_gmt":"2021-06-17T14:37:00","guid":{"rendered":"https:\/\/stonesphilosophy.com\/?post_type=product&#038;p=155"},"modified":"2021-06-22T15:20:43","modified_gmt":"2021-06-22T15:20:43","slug":"crystal-pier","status":"publish","type":"product","link":"https:\/\/stonesphilosophy.com\/en\/product\/crystal-pier","title":{"rendered":"Crystal Pier"},"content":{"rendered":"<p>Collier fait main, avec des perles en pierres naturelles. Il peut \u00eatre port\u00e9 autour du cou ou en quatre tours poignet.<br \/>\nLes perles de ce bijoux sont r\u00e9alis\u00e9es \u00e0 partir de pierres naturelles ayant chacune <a href=\"https:\/\/stonesphilosophy.com\/en\/lithotherapie\/\">ses vertus<\/a> sur le corps et l&rsquo;esprit.<\/p>\n<p>Longueur du collier ferm\u00e9 : 37cm<\/p>\n<p>Tous nos colliers sont des cr\u00e9ation originales, r\u00e9alis\u00e9e \u00e0 la main et compos\u00e9s de pierre naturelles. Voici celle qui composent notre mod\u00e8le Crystal Pier :<\/p>\n<ul>\n<li><strong>Coquillages naturelles<\/strong><\/li>\n<li><strong>Corail :<\/strong> accompagne l&rsquo;enfance et soulage les douleurs de l&rsquo;\u00e2ge.<\/li>\n<li><strong>Chrysocolle : <\/strong>attire les ressources financi\u00e8res et intellectuelles au bon d\u00e9roulement de vos projets.<\/li>\n<li><strong>H\u00e9matite :<\/strong> pierre de l&rsquo;introspection.<\/li>\n<li><strong>Howlite :<\/strong> favorise l&rsquo;endormissement et influe sur les \u00e9changes de liquides.<\/li>\n<li><strong>Jaspe rouge :<\/strong> \u00e9quilibre les \u00e9nergies et fait na\u00eetre le d\u00e9sir sexuel.<\/li>\n<li><strong>Jaspe sang de Dragon :<\/strong>\u00a0d\u00e9veloppe la patience et la calme.<\/li>\n<li><strong>Lapis Lazuli :<\/strong>\u00a0contribue \u00e0 l\u2019\u00e9volution et l\u2019\u00e9l\u00e9vation de l\u2019esprit.<\/li>\n<li><strong>Oeil de Tigre :<\/strong> \u00e9loigne le mauvais oeil et les pens\u00e9es n\u00e9gatives.<\/li>\n<li><strong>Quartz :<\/strong> prise de d\u00e9cision et fortification du syst\u00e8me nerveux.<\/li>\n<li><strong>Sodalite :<\/strong> permet de d\u00e9velopper les capacit\u00e9s extra-sensorielles de voyance et de vision.<\/li>\n<li><strong>Turquoise :<\/strong>\u00a0bouclier contre les coups dur de la vie<\/li>\n<li><strong>Unakite :<\/strong>\u00a0combat les d\u00e9mons du pass\u00e9 favorisant l\u2019\u00e9limination de souvenirs n\u00e9gatifs.<\/li>\n<\/ul>\n<p>D\u00e9couvrez les vertus de chacune des pierres dans <a href=\"https:\/\/stonesphilosophy.com\/en\/lithotherapie\/\">notre guide sur la lithoth\u00e9rapie<\/a>.<\/p>\n<p>&nbsp;<\/p>\n<p style=\"text-align: center;\"><em>\ud83c\udfc4\u00a0 Les noms de nos bijoux sont inspir\u00e9s des plus beaux spots de surf de la plan\u00e8te <\/em>\ud83c\udfc4<\/p>\n<p style=\"text-align: center;\"><em>\u00a0<\/em><\/p>","protected":false},"excerpt":{"rendered":"<p>Collier fait main, avec des perles en pierres naturelles. Il peut \u00eatre port\u00e9 autour du cou ou en quatre tours poignet.<br \/>\nLes perles de ce bijoux sont r\u00e9alis\u00e9es \u00e0 partir de pierres naturelles ayant chacune <a href=\"https:\/\/stonesphilosophy.com\/en\/lithotherapie\/\">ses vertus<\/a> sur le corps et l&rsquo;esprit.<\/p>","protected":false},"featured_media":180,"template":"","meta":{"_et_pb_use_builder":"","_et_pb_old_content":"","_et_gb_content_width":""},"product_brand":[],"product_cat":[17],"product_tag":[],"class_list":{"0":"post-155","1":"product","2":"type-product","3":"status-publish","4":"has-post-thumbnail","6":"product_cat-collier-en-pierres-naturelles","7":"product_shipping_class-livraison-offerte","9":"first","10":"instock","11":"taxable","12":"shipping-taxable","13":"purchasable","14":"product-type-simple"},"jetpack_sharing_enabled":true,"_links":{"self":[{"href":"https:\/\/stonesphilosophy.com\/en\/wp-json\/wp\/v2\/product\/155","targetHints":{"allow":["GET"]}}],"collection":[{"href":"https:\/\/stonesphilosophy.com\/en\/wp-json\/wp\/v2\/product"}],"about":[{"href":"https:\/\/stonesphilosophy.com\/en\/wp-json\/wp\/v2\/types\/product"}],"wp:featuredmedia":[{"embeddable":true,"href":"https:\/\/stonesphilosophy.com\/en\/wp-json\/wp\/v2\/media\/180"}],"wp:attachment":[{"href":"https:\/\/stonesphilosophy.com\/en\/wp-json\/wp\/v2\/media?parent=155"}],"wp:term":[{"taxonomy":"product_brand","embeddable":true,"href":"https:\/\/stonesphilosophy.com\/en\/wp-json\/wp\/v2\/product_brand?post=155"},{"taxonomy":"product_cat","embeddable":true,"href":"https:\/\/stonesphilosophy.com\/en\/wp-json\/wp\/v2\/product_cat?post=155"},{"taxonomy":"product_tag","embeddable":true,"href":"https:\/\/stonesphilosophy.com\/en\/wp-json\/wp\/v2\/product_tag?post=155"}],"curies":[{"name":"wp","href":"https:\/\/api.w.org\/{rel}","templated":true}]}}