{"id":153,"date":"2021-06-17T14:16:22","date_gmt":"2021-06-17T14:16:22","guid":{"rendered":"https:\/\/stonesphilosophy.com\/?post_type=product&#038;p=153"},"modified":"2021-06-22T15:20:38","modified_gmt":"2021-06-22T15:20:38","slug":"chambre-damour","status":"publish","type":"product","link":"https:\/\/stonesphilosophy.com\/en\/product\/chambre-damour","title":{"rendered":"Chambre d&rsquo;Amour"},"content":{"rendered":"<p>Collier fait main, avec des perles en pierres naturelles. Il peut \u00eatre port\u00e9 autour du cou ou en quatre tours poignet.<br \/>\nLes perles de ce bijoux sont r\u00e9alis\u00e9es \u00e0 partir de pierres naturelles ayant chacune <a href=\"https:\/\/stonesphilosophy.com\/en\/lithotherapie\/\">ses vertus<\/a> sur le corps et l&rsquo;esprit.<\/p>\n<p>Longueur du collier ferm\u00e9 : 37cm<\/p>\n<p>Tous nos colliers sont des cr\u00e9ation originales, r\u00e9alis\u00e9e \u00e0 la main et compos\u00e9s de pierre naturelles. Voici celle qui composent notre mod\u00e8le Chambre d&rsquo;Amour :<\/p>\n<ul>\n<li><strong>Agate Mousse :<\/strong> stabilise l&rsquo;esprit et prot\u00e8ge les organes vitaux.<\/li>\n<li><strong>Corail :<\/strong> accompagne l&rsquo;enfance et soulage les douleurs de l&rsquo;\u00e2ge.<\/li>\n<li><strong>H\u00e9matite :<\/strong> pierre de l&rsquo;introspection.<\/li>\n<li><strong>Howlite :<\/strong> favorise l&rsquo;endormissement et influe sur les \u00e9changes de liquides.<\/li>\n<li><strong>Jaspe rouge :<\/strong> \u00e9quilibre les \u00e9nergies et fait na\u00eetre le d\u00e9sir sexuel.<\/li>\n<li><strong>Oeil de Tigre :<\/strong> \u00e9loigne le mauvais oeil et les pens\u00e9es n\u00e9gatives.<\/li>\n<li><strong>Quartz :<\/strong> prise de d\u00e9cision et fortification du syst\u00e8me nerveux.<\/li>\n<\/ul>\n<p>D\u00e9couvrez les vertus de chacune des pierres dans <a href=\"https:\/\/stonesphilosophy.com\/en\/lithotherapie\/\">notre guide sur la lithoth\u00e9rapie<\/a>.<\/p>\n<p>&nbsp;<\/p>\n<p style=\"text-align: center;\"><em>\ud83c\udfc4 Les noms de nos bijoux sont inspir\u00e9s des plus beaux spots de surf de la plan\u00e8te <\/em>\ud83c\udfc4<\/p>\n<p style=\"text-align: center;\"><em>\u00a0<\/em><\/p>","protected":false},"excerpt":{"rendered":"<p>Collier fait main, avec des perles en pierres naturelles. Il peut \u00eatre port\u00e9 autour du cou ou en quatre tours poignet.<br \/>\nLes perles de ce bijoux sont r\u00e9alis\u00e9es \u00e0 partir de pierres naturelles ayant chacune <a href=\"https:\/\/stonesphilosophy.com\/en\/lithotherapie\/\">ses vertus<\/a> sur le corps et l&rsquo;esprit.<\/p>","protected":false},"featured_media":178,"template":"","meta":{"_et_pb_use_builder":"","_et_pb_old_content":"","_et_gb_content_width":""},"product_brand":[],"product_cat":[17],"product_tag":[],"class_list":{"0":"post-153","1":"product","2":"type-product","3":"status-publish","4":"has-post-thumbnail","6":"product_cat-collier-en-pierres-naturelles","7":"product_shipping_class-livraison-offerte","9":"first","10":"instock","11":"taxable","12":"shipping-taxable","13":"purchasable","14":"product-type-simple"},"jetpack_sharing_enabled":true,"_links":{"self":[{"href":"https:\/\/stonesphilosophy.com\/en\/wp-json\/wp\/v2\/product\/153","targetHints":{"allow":["GET"]}}],"collection":[{"href":"https:\/\/stonesphilosophy.com\/en\/wp-json\/wp\/v2\/product"}],"about":[{"href":"https:\/\/stonesphilosophy.com\/en\/wp-json\/wp\/v2\/types\/product"}],"wp:featuredmedia":[{"embeddable":true,"href":"https:\/\/stonesphilosophy.com\/en\/wp-json\/wp\/v2\/media\/178"}],"wp:attachment":[{"href":"https:\/\/stonesphilosophy.com\/en\/wp-json\/wp\/v2\/media?parent=153"}],"wp:term":[{"taxonomy":"product_brand","embeddable":true,"href":"https:\/\/stonesphilosophy.com\/en\/wp-json\/wp\/v2\/product_brand?post=153"},{"taxonomy":"product_cat","embeddable":true,"href":"https:\/\/stonesphilosophy.com\/en\/wp-json\/wp\/v2\/product_cat?post=153"},{"taxonomy":"product_tag","embeddable":true,"href":"https:\/\/stonesphilosophy.com\/en\/wp-json\/wp\/v2\/product_tag?post=153"}],"curies":[{"name":"wp","href":"https:\/\/api.w.org\/{rel}","templated":true}]}}